{"id":788,"date":"2020-01-28T08:48:26","date_gmt":"2020-01-28T07:48:26","guid":{"rendered":"https:\/\/www.spielmannszug-greffen.de\/?page_id=788"},"modified":"2026-01-30T10:10:33","modified_gmt":"2026-01-30T09:10:33","slug":"bauernmarkt-2","status":"publish","type":"page","link":"https:\/\/www.spielmannszug-greffen.de\/?page_id=788","title":{"rendered":"Bauernmarkt"},"content":{"rendered":"\n<h2 class=\"wp-block-heading has-text-align-center\">am Sonntag den 14. Juni 2026 ab 11 Uhr<\/h2>\n\n\n\n<h2 class=\"wp-block-heading has-text-align-center\">Hof Hemkemeyer in Greffen<\/h2>\n\n\n\n<div class=\"wp-block-columns is-layout-flex wp-container-core-columns-is-layout-9d6595d7 wp-block-columns-is-layout-flex\">\n<div class=\"wp-block-column is-layout-flow wp-block-column-is-layout-flow\">\n<p><\/p>\n\n\n\n<p>Es ist endlich wieder soweit und wir freuen uns zu unserem n\u00e4chsten Bauernmarkt einladen zu k\u00f6nnen, der am 14. Juni 2026 auf dem Hof Hemkemeyer an der Beelener Stra\u00dfe stattfindet!<\/p>\n\n\n\n<p><\/p>\n\n\n\n<p>Neben Spiel &amp; Spa\u00df &#8211; auch f\u00fcr unsere kleinen G\u00e4ste &#8211; werden wir mit musikalischen Einlagen f\u00fcr Unterhaltung sorgen.<\/p>\n\n\n\n<p>Nat\u00fcrlich \u00f6ffnet in diesem Jahr wieder unser gro\u00dfes Bauerncaf\u00e9 mit einer gro\u00dfen Kuchen- und Tortenauswahl! Da ist f\u00fcr jeden etwas dabei&#8230;<\/p>\n\n\n\n<p><\/p>\n<\/div>\n\n\n\n<div class=\"wp-block-column is-layout-flow wp-block-column-is-layout-flow\">\n<figure class=\"wp-block-image size-large\"><a href=\"https:\/\/www.spielmannszug-greffen.de\/wp-content\/uploads\/2026\/01\/Flyer-Plakat-Bauernmarkt-2026.png\"><img loading=\"lazy\" decoding=\"async\" width=\"724\" height=\"1024\" src=\"https:\/\/www.spielmannszug-greffen.de\/wp-content\/uploads\/2026\/01\/Flyer-Plakat-Bauernmarkt-2026-724x1024.png\" alt=\"\" class=\"wp-image-1426\" srcset=\"https:\/\/www.spielmannszug-greffen.de\/wp-content\/uploads\/2026\/01\/Flyer-Plakat-Bauernmarkt-2026-724x1024.png 724w, https:\/\/www.spielmannszug-greffen.de\/wp-content\/uploads\/2026\/01\/Flyer-Plakat-Bauernmarkt-2026-212x300.png 212w, https:\/\/www.spielmannszug-greffen.de\/wp-content\/uploads\/2026\/01\/Flyer-Plakat-Bauernmarkt-2026-768x1086.png 768w, https:\/\/www.spielmannszug-greffen.de\/wp-content\/uploads\/2026\/01\/Flyer-Plakat-Bauernmarkt-2026-1086x1536.png 1086w, https:\/\/www.spielmannszug-greffen.de\/wp-content\/uploads\/2026\/01\/Flyer-Plakat-Bauernmarkt-2026-1170x1655.png 1170w, https:\/\/www.spielmannszug-greffen.de\/wp-content\/uploads\/2026\/01\/Flyer-Plakat-Bauernmarkt-2026.png 1414w\" sizes=\"auto, (max-width: 724px) 100vw, 724px\" \/><\/a><\/figure>\n<\/div>\n<\/div>\n\n\n\n<h2 class=\"wp-block-heading has-text-align-center\">H\u00e4ndler und Austeller<\/h2>\n\n\n\n<p class=\"has-text-align-center\">Interessierte H\u00e4ndler und Austeller k\u00f6nnen sich gerne per Mail unter<br> <a href=\"mailto:Bauernmarkt@Greffen.de\">Bauernmarkt@Greffen.de<\/a> <br>melden<\/p>\n\n\n\n<p class=\"has-text-align-center\">Hier das Anmeldeformular f\u00fcr den Bauernmarkt:<br><a href=\"https:\/\/www.spielmannszug-greffen.de\/wp-content\/uploads\/2026\/01\/Anmeldeformular-fuer-den-Bauernmarkt-2026.pdf\" target=\"_blank\" rel=\"noreferrer noopener\">Anmeldeformular f\u00fcr den Bauernmarkt 2026<\/a><br><\/p>\n\n\n\n<figure class=\"wp-block-gallery has-nested-images columns-default is-cropped wp-block-gallery-1 is-layout-flex wp-block-gallery-is-layout-flex\">\n<figure class=\"wp-block-image size-large\"><a href=\"https:\/\/www.spielmannszug-greffen.de\/wp-content\/uploads\/2022\/08\/20220612_093503.jpg\"><img loading=\"lazy\" decoding=\"async\" width=\"576\" height=\"768\" data-id=\"953\" src=\"https:\/\/www.spielmannszug-greffen.de\/wp-content\/uploads\/2022\/08\/20220612_093503.jpg\" alt=\"\" class=\"wp-image-953\" srcset=\"https:\/\/www.spielmannszug-greffen.de\/wp-content\/uploads\/2022\/08\/20220612_093503.jpg 576w, https:\/\/www.spielmannszug-greffen.de\/wp-content\/uploads\/2022\/08\/20220612_093503-225x300.jpg 225w\" sizes=\"auto, (max-width: 576px) 100vw, 576px\" \/><\/a><\/figure>\n\n\n\n<figure class=\"wp-block-image size-large\"><a href=\"https:\/\/www.spielmannszug-greffen.de\/wp-content\/uploads\/2022\/08\/20220612_153159.jpg\"><img loading=\"lazy\" decoding=\"async\" width=\"576\" height=\"768\" data-id=\"951\" src=\"https:\/\/www.spielmannszug-greffen.de\/wp-content\/uploads\/2022\/08\/20220612_153159.jpg\" alt=\"\" class=\"wp-image-951\" srcset=\"https:\/\/www.spielmannszug-greffen.de\/wp-content\/uploads\/2022\/08\/20220612_153159.jpg 576w, https:\/\/www.spielmannszug-greffen.de\/wp-content\/uploads\/2022\/08\/20220612_153159-225x300.jpg 225w\" sizes=\"auto, (max-width: 576px) 100vw, 576px\" \/><\/a><\/figure>\n\n\n\n<figure class=\"wp-block-image size-large\"><a href=\"https:\/\/www.spielmannszug-greffen.de\/wp-content\/uploads\/2022\/08\/20220612_123318.jpg\"><img loading=\"lazy\" decoding=\"async\" width=\"1024\" height=\"768\" data-id=\"948\" src=\"https:\/\/www.spielmannszug-greffen.de\/wp-content\/uploads\/2022\/08\/20220612_123318.jpg\" alt=\"\" class=\"wp-image-948\" srcset=\"https:\/\/www.spielmannszug-greffen.de\/wp-content\/uploads\/2022\/08\/20220612_123318.jpg 1024w, https:\/\/www.spielmannszug-greffen.de\/wp-content\/uploads\/2022\/08\/20220612_123318-300x225.jpg 300w, https:\/\/www.spielmannszug-greffen.de\/wp-content\/uploads\/2022\/08\/20220612_123318-768x576.jpg 768w\" sizes=\"auto, (max-width: 1024px) 100vw, 1024px\" \/><\/a><\/figure>\n\n\n\n<figure class=\"wp-block-image size-large\"><a href=\"https:\/\/www.spielmannszug-greffen.de\/wp-content\/uploads\/2022\/08\/20220612_142755.jpg\"><img loading=\"lazy\" decoding=\"async\" width=\"1024\" height=\"768\" data-id=\"949\" src=\"https:\/\/www.spielmannszug-greffen.de\/wp-content\/uploads\/2022\/08\/20220612_142755.jpg\" alt=\"\" class=\"wp-image-949\" srcset=\"https:\/\/www.spielmannszug-greffen.de\/wp-content\/uploads\/2022\/08\/20220612_142755.jpg 1024w, https:\/\/www.spielmannszug-greffen.de\/wp-content\/uploads\/2022\/08\/20220612_142755-300x225.jpg 300w, https:\/\/www.spielmannszug-greffen.de\/wp-content\/uploads\/2022\/08\/20220612_142755-768x576.jpg 768w\" sizes=\"auto, (max-width: 1024px) 100vw, 1024px\" \/><\/a><\/figure>\n\n\n\n<figure class=\"wp-block-image size-large\"><a href=\"https:\/\/www.spielmannszug-greffen.de\/wp-content\/uploads\/2022\/08\/20220612_123552.jpg\"><img loading=\"lazy\" decoding=\"async\" width=\"1024\" height=\"768\" data-id=\"946\" src=\"https:\/\/www.spielmannszug-greffen.de\/wp-content\/uploads\/2022\/08\/20220612_123552.jpg\" alt=\"\" class=\"wp-image-946\" srcset=\"https:\/\/www.spielmannszug-greffen.de\/wp-content\/uploads\/2022\/08\/20220612_123552.jpg 1024w, https:\/\/www.spielmannszug-greffen.de\/wp-content\/uploads\/2022\/08\/20220612_123552-300x225.jpg 300w, https:\/\/www.spielmannszug-greffen.de\/wp-content\/uploads\/2022\/08\/20220612_123552-768x576.jpg 768w\" sizes=\"auto, (max-width: 1024px) 100vw, 1024px\" \/><\/a><\/figure>\n\n\n\n<figure class=\"wp-block-image size-large\"><a href=\"https:\/\/www.spielmannszug-greffen.de\/wp-content\/uploads\/2022\/08\/20220612_123304.jpg\"><img loading=\"lazy\" decoding=\"async\" width=\"1024\" height=\"768\" data-id=\"947\" src=\"https:\/\/www.spielmannszug-greffen.de\/wp-content\/uploads\/2022\/08\/20220612_123304.jpg\" alt=\"\" class=\"wp-image-947\" srcset=\"https:\/\/www.spielmannszug-greffen.de\/wp-content\/uploads\/2022\/08\/20220612_123304.jpg 1024w, https:\/\/www.spielmannszug-greffen.de\/wp-content\/uploads\/2022\/08\/20220612_123304-300x225.jpg 300w, https:\/\/www.spielmannszug-greffen.de\/wp-content\/uploads\/2022\/08\/20220612_123304-768x576.jpg 768w\" sizes=\"auto, (max-width: 1024px) 100vw, 1024px\" \/><\/a><\/figure>\n<\/figure>\n","protected":false},"excerpt":{"rendered":"<p>am Sonntag den 14. Juni 2026 ab 11 Uhr Hof Hemkemeyer in Greffen Es ist endlich wieder soweit und wir freuen uns zu unserem n\u00e4chsten Bauernmarkt einladen zu k\u00f6nnen, der am 14. Juni 2026 auf dem Hof Hemkemeyer an der&#8230;<br \/><a class=\"read-more-button\" href=\"https:\/\/www.spielmannszug-greffen.de\/?page_id=788\">Mehr Lesen<\/a><\/p>\n","protected":false},"author":1,"featured_media":0,"parent":0,"menu_order":5,"comment_status":"closed","ping_status":"closed","template":"","meta":{"footnotes":""},"class_list":["post-788","page","type-page","status-publish","hentry"],"_links":{"self":[{"href":"https:\/\/www.spielmannszug-greffen.de\/index.php?rest_route=\/wp\/v2\/pages\/788","targetHints":{"allow":["GET"]}}],"collection":[{"href":"https:\/\/www.spielmannszug-greffen.de\/index.php?rest_route=\/wp\/v2\/pages"}],"about":[{"href":"https:\/\/www.spielmannszug-greffen.de\/index.php?rest_route=\/wp\/v2\/types\/page"}],"author":[{"embeddable":true,"href":"https:\/\/www.spielmannszug-greffen.de\/index.php?rest_route=\/wp\/v2\/users\/1"}],"replies":[{"embeddable":true,"href":"https:\/\/www.spielmannszug-greffen.de\/index.php?rest_route=%2Fwp%2Fv2%2Fcomments&post=788"}],"version-history":[{"count":37,"href":"https:\/\/www.spielmannszug-greffen.de\/index.php?rest_route=\/wp\/v2\/pages\/788\/revisions"}],"predecessor-version":[{"id":1427,"href":"https:\/\/www.spielmannszug-greffen.de\/index.php?rest_route=\/wp\/v2\/pages\/788\/revisions\/1427"}],"wp:attachment":[{"href":"https:\/\/www.spielmannszug-greffen.de\/index.php?rest_route=%2Fwp%2Fv2%2Fmedia&parent=788"}],"curies":[{"name":"wp","href":"https:\/\/api.w.org\/{rel}","templated":true}]}}