{"id":88,"date":"2015-12-22T13:52:53","date_gmt":"2015-12-22T12:52:53","guid":{"rendered":"http:\/\/www.spielmannszug-greffen.de\/?page_id=88"},"modified":"2015-12-30T14:34:34","modified_gmt":"2015-12-30T13:34:34","slug":"der-verein","status":"publish","type":"page","link":"https:\/\/www.spielmannszug-greffen.de\/?page_id=88","title":{"rendered":"Der Verein"},"content":{"rendered":"<h2 style=\"text-align: center;\">Der Spielmannszug vollst\u00e4ndig angetreten<\/h2>\n<p style=\"text-align: justify;\"><a href=\"http:\/\/www.spielmannszug-greffen.de\/wp-content\/uploads\/2015\/03\/cropped-Header1.jpg\" rel=\"attachment wp-att-40\"><img loading=\"lazy\" decoding=\"async\" class=\"aligncenter size-large wp-image-40\" src=\"http:\/\/www.spielmannszug-greffen.de\/wp-content\/uploads\/2015\/03\/cropped-Header1-1024x251.jpg\" alt=\"cropped-Header1.jpg\" width=\"840\" height=\"206\" srcset=\"https:\/\/www.spielmannszug-greffen.de\/wp-content\/uploads\/2015\/03\/cropped-Header1-1024x251.jpg 1024w, https:\/\/www.spielmannszug-greffen.de\/wp-content\/uploads\/2015\/03\/cropped-Header1-300x74.jpg 300w, https:\/\/www.spielmannszug-greffen.de\/wp-content\/uploads\/2015\/03\/cropped-Header1-768x188.jpg 768w, https:\/\/www.spielmannszug-greffen.de\/wp-content\/uploads\/2015\/03\/cropped-Header1-1170x287.jpg 1170w, https:\/\/www.spielmannszug-greffen.de\/wp-content\/uploads\/2015\/03\/cropped-Header1.jpg 1400w\" sizes=\"auto, (max-width: 840px) 100vw, 840px\" \/><\/a>Die Spielmannsleute im Jahre 2013:<\/p>\n<p>Von links nach rechts:<br \/>\nBernhard Schmitfranz, G\u00fcnter Schmitfranz, Laurenz Woltering, Karl-Heinz Piepenbrink, Thomas Pelzhof, Heinz Krieft, Sandra Vazquez, Svenja Elbeshauses, Helmut Wiedenl\u00fcbbert, Lena Wiedenl\u00fcbbert, Reinhard Linnemann, Wiebke Schwermann, Dietmar Hahn, Sabrina Krieft, Jonas Linnemann, Anna Wiedenl\u00fcbbert, Marcel Wiedenl\u00fcbbert, Tobias Schr\u00f6er, Birte Wippenhohn, Kathrin Schmitfranz, Pascal Wiedenl\u00fcbbert, Jutta B\u00f6ing, Dirk Br\u00fcgge, Andreas Garnschr\u00f6der, Klaus Krieft, Erwin Linnemann, Bernd Gerdhenrichs, Marius Langer, Chris Gerdhenrichs, Henning Bernzen, Clemens Br\u00fcgge, Mario Fritsche.<\/p>\n<p style=\"text-align: justify;\">Zur Zeit sind 40 Spielleute im Spielmannszug Greffen aktiv. (Stand 01\/2016)<\/p>\n<p style=\"text-align: justify;\">Die aktuelle Altersstruktur des Spielmannszuges stellt sich wie folgt dar:<br \/>\nbis 18 Jahre: 7 Spielleute<br \/>\n18-40 Jahre: 21 Spielleute<br \/>\n41-60 Jahre: 12 Spielleute<\/p>\n<p style=\"text-align: justify;\">Aktuelle Instrumentalbesetzung:<br \/>\nFl\u00f6ten: 22<br \/>\nTrommel: 12<br \/>\nLyra: 3<br \/>\nSchlagzeug: 2<br \/>\nTambour: 1<\/p>\n<p style=\"text-align: justify;\">Wer f\u00f6rderndes oder aktives Mitglied werden m\u00f6chte und damit insbesondere auch die Ausbildung des musikalischen Nachwuchses f\u00f6rdern m\u00f6chte, kann sich jederzeit an ein aktives Mitglied des Spielmannszuges &#8222;In Treue fest&#8220; Greffen e.V. wenden.<\/p>\n","protected":false},"excerpt":{"rendered":"<p>Der Spielmannszug vollst\u00e4ndig angetreten Die Spielmannsleute im Jahre 2013: Von links nach rechts: Bernhard Schmitfranz, G\u00fcnter Schmitfranz, Laurenz Woltering, Karl-Heinz Piepenbrink, Thomas Pelzhof, Heinz Krieft, Sandra Vazquez, Svenja Elbeshauses, Helmut Wiedenl\u00fcbbert, Lena Wiedenl\u00fcbbert, Reinhard Linnemann, Wiebke Schwermann, Dietmar Hahn, Sabrina&#8230;<br \/><a class=\"read-more-button\" href=\"https:\/\/www.spielmannszug-greffen.de\/?page_id=88\">Mehr Lesen<\/a><\/p>\n","protected":false},"author":1,"featured_media":0,"parent":0,"menu_order":1,"comment_status":"closed","ping_status":"closed","template":"","meta":{"footnotes":""},"class_list":["post-88","page","type-page","status-publish","hentry"],"_links":{"self":[{"href":"https:\/\/www.spielmannszug-greffen.de\/index.php?rest_route=\/wp\/v2\/pages\/88","targetHints":{"allow":["GET"]}}],"collection":[{"href":"https:\/\/www.spielmannszug-greffen.de\/index.php?rest_route=\/wp\/v2\/pages"}],"about":[{"href":"https:\/\/www.spielmannszug-greffen.de\/index.php?rest_route=\/wp\/v2\/types\/page"}],"author":[{"embeddable":true,"href":"https:\/\/www.spielmannszug-greffen.de\/index.php?rest_route=\/wp\/v2\/users\/1"}],"replies":[{"embeddable":true,"href":"https:\/\/www.spielmannszug-greffen.de\/index.php?rest_route=%2Fwp%2Fv2%2Fcomments&post=88"}],"version-history":[{"count":6,"href":"https:\/\/www.spielmannszug-greffen.de\/index.php?rest_route=\/wp\/v2\/pages\/88\/revisions"}],"predecessor-version":[{"id":222,"href":"https:\/\/www.spielmannszug-greffen.de\/index.php?rest_route=\/wp\/v2\/pages\/88\/revisions\/222"}],"wp:attachment":[{"href":"https:\/\/www.spielmannszug-greffen.de\/index.php?rest_route=%2Fwp%2Fv2%2Fmedia&parent=88"}],"curies":[{"name":"wp","href":"https:\/\/api.w.org\/{rel}","templated":true}]}}