{"id":93,"date":"2015-12-22T14:00:02","date_gmt":"2015-12-22T13:00:02","guid":{"rendered":"http:\/\/www.spielmannszug-greffen.de\/?page_id=93"},"modified":"2015-12-22T14:01:38","modified_gmt":"2015-12-22T13:01:38","slug":"geschichtliches","status":"publish","type":"page","link":"https:\/\/www.spielmannszug-greffen.de\/?page_id=93","title":{"rendered":"Geschichtliches"},"content":{"rendered":"<h2 style=\"text-align: center;\">Ein kurzer Blick zur\u00fcck&#8230;<\/h2>\n<p style=\"text-align: justify;\"><a href=\"http:\/\/www.spielmannszug-greffen.de\/wp-content\/uploads\/2015\/12\/Geschichte_Feuerfest.jpg\" rel=\"attachment wp-att-94\"><img loading=\"lazy\" decoding=\"async\" class=\"size-medium wp-image-94 aligncenter\" src=\"http:\/\/www.spielmannszug-greffen.de\/wp-content\/uploads\/2015\/12\/Geschichte_Feuerfest-300x202.jpg\" alt=\"Geschichte_Feuerfest\" width=\"300\" height=\"202\" srcset=\"https:\/\/www.spielmannszug-greffen.de\/wp-content\/uploads\/2015\/12\/Geschichte_Feuerfest-300x202.jpg 300w, https:\/\/www.spielmannszug-greffen.de\/wp-content\/uploads\/2015\/12\/Geschichte_Feuerfest.jpg 450w\" sizes=\"auto, (max-width: 300px) 100vw, 300px\" \/><\/a>Die Idee, einen Spielmannszug in Greffen zu gr\u00fcnden, reifte im Jahr 1949. In Greffen wurde ein neues Feuerwehrger\u00e4tehaus eingeweiht; f\u00fcr die musikalische Umrahmung der Feierlichkeiten sorgte der Spielmannszug Ostenfelde. Endlich einmal nicht auf ausw\u00e4rtige Musikvereine angewiesen zu sein, sagten sich acht junge Greffener und hoben 1950 den <strong>Spielmannszug &#8222;In Treue fest&#8220; Greffen<\/strong> aus der Taufe.<\/p>\n<p style=\"text-align: justify;\">Im Laufe der Jahre konnte der Spielmannszug sein Repertoire st\u00e4ndig erweitern und seine musikalische Qualit\u00e4t verbessern. So war es nicht verwunderlich, dass auch die Zahl der Auftritte au\u00dferhalb Greffens stetig zunahm. Durch die Auftrittsgelder, die man bei verschiedenen Anl\u00e4ssen erhielt, konnte man in den 60er und 70er Jahren viele Anschaffungen bereits aus eigenen Mitteln bestreiten. Da man ohnehin ein sehr eigenst\u00e4ndiges Vereinsleben f\u00fchrte, reifte der Gedanke, sich zu verselbstst\u00e4ndigen und die Trennung vom Sch\u00fctzen- und Heimatverein anzustreben. Nach entsprechenden Vorgespr\u00e4chen konnte dieser Wunsch im Februar 1980 verwirklicht werden. Jetzt war der Spielmannszug richtig erwachsen geworden.<\/p>\n<p style=\"text-align: justify;\">Im darauf folgenden Jahr hat der amtierende Vorstand eine eigene Satzung ausgearbeitet, um die Voraussetzungen eines eingetragenen Vereins zu erf\u00fcllen. Mit Eintragung ins Vereinsregister am 20. April 1982 konnte dieses Vorhaben verwirklicht werden. Seither f\u00fchrt der Verein die Bezeichnung: <strong>&#8222;Spielmannszug In Treue fest Greffen e.V.&#8220;<\/strong><\/p>\n<p style=\"text-align: justify;\">Anfang der neunziger Jahre gab es erstmals \u00fcberlegungen innerhalb des Spielmannszuges, die steuerliche Gemeinn\u00fctzigkeit anzustreben. Nachdem die Satzung den Erfordernissen angepasst wurde, wurde dem Spielmannszug im Jahr 1995 die Gemeinn\u00fctzigkeit zuerkannt.<\/p>\n<p style=\"text-align: justify;\">Rat und Unterst\u00fctzung in allen Fragen rund um den Verein erh\u00e4lt der Spielmannszug bei Bedarf vom Volksmusikerbund. Die Mitgliedschaft im Volksmusikerbund bietet dem Spielmannszug zudem die M\u00f6glichkeit, sich mit anderen Mitgliedsvereinen \u00fcber gemeinsame Themen und aktuelle Problemstellungen auszutauschen.<\/p>\n<p style=\"text-align: justify;\">F\u00fcr die weitere Zukunft sieht sich der Spielmannszug gut ger\u00fcstet.<\/p>\n","protected":false},"excerpt":{"rendered":"<p>Ein kurzer Blick zur\u00fcck&#8230; Die Idee, einen Spielmannszug in Greffen zu gr\u00fcnden, reifte im Jahr 1949. In Greffen wurde ein neues Feuerwehrger\u00e4tehaus eingeweiht; f\u00fcr die musikalische Umrahmung der Feierlichkeiten sorgte der Spielmannszug Ostenfelde. Endlich einmal nicht auf ausw\u00e4rtige Musikvereine angewiesen&#8230;<br \/><a class=\"read-more-button\" href=\"https:\/\/www.spielmannszug-greffen.de\/?page_id=93\">Mehr Lesen<\/a><\/p>\n","protected":false},"author":1,"featured_media":0,"parent":88,"menu_order":0,"comment_status":"closed","ping_status":"closed","template":"","meta":{"footnotes":""},"class_list":["post-93","page","type-page","status-publish","hentry"],"_links":{"self":[{"href":"https:\/\/www.spielmannszug-greffen.de\/index.php?rest_route=\/wp\/v2\/pages\/93","targetHints":{"allow":["GET"]}}],"collection":[{"href":"https:\/\/www.spielmannszug-greffen.de\/index.php?rest_route=\/wp\/v2\/pages"}],"about":[{"href":"https:\/\/www.spielmannszug-greffen.de\/index.php?rest_route=\/wp\/v2\/types\/page"}],"author":[{"embeddable":true,"href":"https:\/\/www.spielmannszug-greffen.de\/index.php?rest_route=\/wp\/v2\/users\/1"}],"replies":[{"embeddable":true,"href":"https:\/\/www.spielmannszug-greffen.de\/index.php?rest_route=%2Fwp%2Fv2%2Fcomments&post=93"}],"version-history":[{"count":3,"href":"https:\/\/www.spielmannszug-greffen.de\/index.php?rest_route=\/wp\/v2\/pages\/93\/revisions"}],"predecessor-version":[{"id":97,"href":"https:\/\/www.spielmannszug-greffen.de\/index.php?rest_route=\/wp\/v2\/pages\/93\/revisions\/97"}],"up":[{"embeddable":true,"href":"https:\/\/www.spielmannszug-greffen.de\/index.php?rest_route=\/wp\/v2\/pages\/88"}],"wp:attachment":[{"href":"https:\/\/www.spielmannszug-greffen.de\/index.php?rest_route=%2Fwp%2Fv2%2Fmedia&parent=93"}],"curies":[{"name":"wp","href":"https:\/\/api.w.org\/{rel}","templated":true}]}}