{"id":965,"date":"2023-02-17T14:43:38","date_gmt":"2023-02-17T13:43:38","guid":{"rendered":"https:\/\/www.spielmannszug-greffen.de\/?page_id=965"},"modified":"2024-05-05T11:08:27","modified_gmt":"2024-05-05T09:08:27","slug":"ausbildung-neu","status":"publish","type":"page","link":"https:\/\/www.spielmannszug-greffen.de\/?page_id=965","title":{"rendered":"Ausbildung"},"content":{"rendered":"\n<h2 class=\"has-text-align-center wp-block-heading\">Wir suchen\u00a0DICH<strong>!<\/strong><\/h2>\n\n\n\n<p class=\"has-text-align-center\">Unser Verein ohne Jugend und Nachwuchs w\u00e4re vor allem eins:\u00a0<strong>Langweilig!<\/strong><br>Und genau deswegen suchen wir\u00a0<strong>Dich!<\/strong><\/p>\n\n\n\n<h2 class=\"has-text-align-center has-cyan-bluish-gray-background-color has-background wp-block-heading\"><em>Wir sind immer auf der Suche nach Nachwuchs,<\/em><br><em>egal ob Gro\u00df oder Klein <\/em><br><em>und bilden mit eigenen Mitgliedern folgende Instrumente aus:<\/em><\/h2>\n\n\n\n<div class=\"wp-block-columns is-layout-flex wp-container-core-columns-is-layout-9d6595d7 wp-block-columns-is-layout-flex\">\n<div class=\"wp-block-column is-layout-flow wp-block-column-is-layout-flow\">\n<h2 class=\"has-text-align-center wp-block-heading\">Fl\u00f6te<\/h2>\n\n\n\n<p>Das am h\u00e4ufigsten vertretende Instrument ist die Fl\u00f6te. Sie ist zust\u00e4ndig f\u00fcr den typischen Klang eines Spielmannszuges und \u00fcbernimmt die Melodie der St\u00fccke.<\/p>\n\n\n\n<p>Haupts\u00e4chlich kommt bei uns die Sopran-Fl\u00f6te zum Einsatz und wird deswegen in der Ausbildung besonders beachtet. Im weiteren Verlauf k\u00f6nnen dann die Alt- oder Tenor-Fl\u00f6te hinzukommen, die vor allem bei unseren Konzerten besonders wichtig sind.<\/p>\n<\/div>\n\n\n\n<div class=\"wp-block-column is-layout-flow wp-block-column-is-layout-flow\">\n<h2 class=\"has-text-align-center wp-block-heading\">Trommel<\/h2>\n\n\n\n<p>Die &#8222;Spielmanns&#8220;-Trommel ist dabei f\u00fcr den Rhythmus zust\u00e4ndig und bildet damit die Grundlage aller Musikst\u00fccke.<\/p>\n\n\n\n<p>Haupts\u00e4chlich kommen bei uns die Snare-Drum (Spielmannstrommel) und die Gro\u00dfe Trommel (Pauke) sowie die Becken beim Schlagwerk zum Einsatz und finden damit auch in der Ausbildung Beachtung.<\/p>\n<\/div>\n<\/div>\n\n\n\n<h2 class=\"has-text-align-center has-cyan-bluish-gray-background-color has-background wp-block-heading\"><em>Wie l\u00e4uft die Ausbildung ab?<\/em><\/h2>\n\n\n\n<div class=\"wp-block-columns is-layout-flex wp-container-core-columns-is-layout-9d6595d7 wp-block-columns-is-layout-flex\">\n<div class=\"wp-block-column is-layout-flow wp-block-column-is-layout-flow\">\n<figure class=\"wp-block-image size-large\"><a href=\"https:\/\/www.spielmannszug-greffen.de\/wp-content\/uploads\/2023\/02\/person-g1065ee809_1280.png\"><img loading=\"lazy\" decoding=\"async\" width=\"1024\" height=\"1024\" src=\"https:\/\/www.spielmannszug-greffen.de\/wp-content\/uploads\/2023\/02\/person-g1065ee809_1280-1024x1024.png\" alt=\"\" class=\"wp-image-974\" srcset=\"https:\/\/www.spielmannszug-greffen.de\/wp-content\/uploads\/2023\/02\/person-g1065ee809_1280-1024x1024.png 1024w, https:\/\/www.spielmannszug-greffen.de\/wp-content\/uploads\/2023\/02\/person-g1065ee809_1280-300x300.png 300w, https:\/\/www.spielmannszug-greffen.de\/wp-content\/uploads\/2023\/02\/person-g1065ee809_1280-150x150.png 150w, https:\/\/www.spielmannszug-greffen.de\/wp-content\/uploads\/2023\/02\/person-g1065ee809_1280-768x768.png 768w, https:\/\/www.spielmannszug-greffen.de\/wp-content\/uploads\/2023\/02\/person-g1065ee809_1280-1170x1170.png 1170w, https:\/\/www.spielmannszug-greffen.de\/wp-content\/uploads\/2023\/02\/person-g1065ee809_1280.png 1280w\" sizes=\"auto, (max-width: 1024px) 100vw, 1024px\" \/><\/a><\/figure>\n\n\n\n<h2 class=\"has-text-align-center wp-block-heading\">Voraussetzungen<\/h2>\n\n\n\n<p class=\"has-text-align-center\"><strong>Wie alt sollte ich sein?<\/strong><br>Mindestens 8 Jahre.<\/p>\n\n\n\n<p class=\"has-text-align-center\"><strong>Brauche ich Vorkenntnisse?<\/strong><br>Nein! Alles was du wissen musst, lernst du bei uns. Wenn du aber schon etwas \u00fcber Musik weist und Noten kennst, umso besser.<\/p>\n\n\n\n<p class=\"has-text-align-center\"><strong>Muss ich mir mein Instrument selber kaufen?<\/strong><br>Nein! Dein Instrument bekommst du von uns. <br>Dazu r\u00fcsten wir dich mit allem aus, was du ben\u00f6tigst!<\/p>\n<\/div>\n\n\n\n<div class=\"wp-block-column is-layout-flow wp-block-column-is-layout-flow\">\n<figure class=\"wp-block-image size-large\"><a href=\"https:\/\/www.spielmannszug-greffen.de\/wp-content\/uploads\/2023\/02\/time-g1d7e285a1_1280.png\"><img loading=\"lazy\" decoding=\"async\" width=\"1024\" height=\"1024\" src=\"https:\/\/www.spielmannszug-greffen.de\/wp-content\/uploads\/2023\/02\/time-g1d7e285a1_1280-1024x1024.png\" alt=\"\" class=\"wp-image-975\" srcset=\"https:\/\/www.spielmannszug-greffen.de\/wp-content\/uploads\/2023\/02\/time-g1d7e285a1_1280-1024x1024.png 1024w, https:\/\/www.spielmannszug-greffen.de\/wp-content\/uploads\/2023\/02\/time-g1d7e285a1_1280-300x300.png 300w, https:\/\/www.spielmannszug-greffen.de\/wp-content\/uploads\/2023\/02\/time-g1d7e285a1_1280-150x150.png 150w, https:\/\/www.spielmannszug-greffen.de\/wp-content\/uploads\/2023\/02\/time-g1d7e285a1_1280-768x768.png 768w, https:\/\/www.spielmannszug-greffen.de\/wp-content\/uploads\/2023\/02\/time-g1d7e285a1_1280-1170x1170.png 1170w, https:\/\/www.spielmannszug-greffen.de\/wp-content\/uploads\/2023\/02\/time-g1d7e285a1_1280.png 1280w\" sizes=\"auto, (max-width: 1024px) 100vw, 1024px\" \/><\/a><\/figure>\n\n\n\n<h2 class=\"has-text-align-center wp-block-heading\">Ausbildungsrahmen<\/h2>\n\n\n\n<p class=\"has-text-align-center\"><strong>Wie lange dauert die Ausbildung?<\/strong><br>Die Ausbildung dauert in der Regel 3-4 Jahre.<\/p>\n\n\n\n<p class=\"has-text-align-center\"><strong>Gibt es ein Ziel auf das wir hinarbeiten?<\/strong><br>Ja! Ein Ziel jeder Ausbildung ist der D1 Lehrgang des Volksmusikerbundes NRW. (<a href=\"https:\/\/www.vmb.nrw\/wp-content\/uploads\/2018\/11\/Lehrgangsordnung-.pdf\">Weitere Infos<\/a>)<\/p>\n\n\n\n<p class=\"has-text-align-center has-white-background-color has-background\"><strong>Wann findet die Ausbildung statt?<\/strong><br>Die Ausbildung findet w\u00e4hrend der Schulzeit immer Dienstags von 18:00 &#8211; 19:00 statt.<br>Bei Bedarf kann der Zeitraum individuell mit dem Ausbilder abgesprochen werden.<\/p>\n\n\n\n<p class=\"has-text-align-center\"><strong>Wer bildet mich aus?<\/strong><br>Bei uns \u00fcbernehmen eigene qualifizierte Mitglieder die Ausbildung.<br>Sie haben mindestens den D2-Lehrgang des Volksmusikerbundes abgeschlossen.<\/p>\n\n\n\n<p class=\"has-text-align-center\"><strong>Was kostet die Ausbildung?<\/strong><br>Die Kosten belaufen sich auf 25\u20ac pro Monat.<\/p>\n<\/div>\n\n\n\n<div class=\"wp-block-column is-layout-flow wp-block-column-is-layout-flow\">\n<figure class=\"wp-block-image size-large\"><a href=\"https:\/\/www.spielmannszug-greffen.de\/wp-content\/uploads\/2023\/02\/music-g31525e13f_1280.png\"><img loading=\"lazy\" decoding=\"async\" width=\"1024\" height=\"1024\" src=\"https:\/\/www.spielmannszug-greffen.de\/wp-content\/uploads\/2023\/02\/music-g31525e13f_1280-1024x1024.png\" alt=\"\" class=\"wp-image-976\" srcset=\"https:\/\/www.spielmannszug-greffen.de\/wp-content\/uploads\/2023\/02\/music-g31525e13f_1280-1024x1024.png 1024w, https:\/\/www.spielmannszug-greffen.de\/wp-content\/uploads\/2023\/02\/music-g31525e13f_1280-300x300.png 300w, https:\/\/www.spielmannszug-greffen.de\/wp-content\/uploads\/2023\/02\/music-g31525e13f_1280-150x150.png 150w, https:\/\/www.spielmannszug-greffen.de\/wp-content\/uploads\/2023\/02\/music-g31525e13f_1280-768x768.png 768w, https:\/\/www.spielmannszug-greffen.de\/wp-content\/uploads\/2023\/02\/music-g31525e13f_1280-1170x1170.png 1170w, https:\/\/www.spielmannszug-greffen.de\/wp-content\/uploads\/2023\/02\/music-g31525e13f_1280.png 1280w\" sizes=\"auto, (max-width: 1024px) 100vw, 1024px\" \/><\/a><\/figure>\n\n\n\n<h2 class=\"has-text-align-center wp-block-heading\">Inhalte<\/h2>\n\n\n\n<p class=\"has-text-align-center\"><strong>In der Ausbildung lernst du:<br><\/strong>Grundlagen des Hauptinstrumentes,<br>Musik-Theorie Grundlagen und nat\u00fcrlich kommt das praktische Spiel am Instrument nicht zu kurz.<\/p>\n\n\n\n<p class=\"has-text-align-center\"><strong>Wichtig ist uns, dass in der musikalischen Ausbildung die Gemeinschaft und der Spa\u00df eine gro\u00dfe Rolle Spielen!<\/strong><\/p>\n<\/div>\n<\/div>\n\n\n\n<h1 class=\"has-text-align-center wp-block-heading\"><em>Haben wir dein Interesse geweckt?<\/em><\/h1>\n\n\n\n<h4 class=\"has-text-align-center wp-block-heading\">Dann sprech und uns gerne an an einem unserer Spieltermine, komm bei der Gesamtprobe am Dienstag zwischen 20.00 und 21.30 Uhr im Greffener Kolpingheim vorbei ODER schreib uns einfach eine eMail und wir melden uns bei Dir!<\/h4>\n\n\n\n<h4 class=\"has-text-align-center wp-block-heading\"><a href=\"mailto:info@spielmannszug-greffen.de\">info@spielmannszug-greffen.de<\/a><\/h4>\n\n\n\n<h4 class=\"has-text-align-center wp-block-heading\">Wir freuen uns auf Dich mit dir gemeinsam zu musizieren!<\/h4>\n","protected":false},"excerpt":{"rendered":"<p>Wir suchen\u00a0DICH! Unser Verein ohne Jugend und Nachwuchs w\u00e4re vor allem eins:\u00a0Langweilig!Und genau deswegen suchen wir\u00a0Dich! Wir sind immer auf der Suche nach Nachwuchs,egal ob Gro\u00df oder Klein und bilden mit eigenen Mitgliedern folgende Instrumente aus: Fl\u00f6te Das am h\u00e4ufigsten&#8230;<br \/><a class=\"read-more-button\" href=\"https:\/\/www.spielmannszug-greffen.de\/?page_id=965\">Mehr Lesen<\/a><\/p>\n","protected":false},"author":2,"featured_media":0,"parent":0,"menu_order":4,"comment_status":"closed","ping_status":"closed","template":"","meta":{"footnotes":""},"class_list":["post-965","page","type-page","status-publish","hentry"],"_links":{"self":[{"href":"https:\/\/www.spielmannszug-greffen.de\/index.php?rest_route=\/wp\/v2\/pages\/965","targetHints":{"allow":["GET"]}}],"collection":[{"href":"https:\/\/www.spielmannszug-greffen.de\/index.php?rest_route=\/wp\/v2\/pages"}],"about":[{"href":"https:\/\/www.spielmannszug-greffen.de\/index.php?rest_route=\/wp\/v2\/types\/page"}],"author":[{"embeddable":true,"href":"https:\/\/www.spielmannszug-greffen.de\/index.php?rest_route=\/wp\/v2\/users\/2"}],"replies":[{"embeddable":true,"href":"https:\/\/www.spielmannszug-greffen.de\/index.php?rest_route=%2Fwp%2Fv2%2Fcomments&post=965"}],"version-history":[{"count":12,"href":"https:\/\/www.spielmannszug-greffen.de\/index.php?rest_route=\/wp\/v2\/pages\/965\/revisions"}],"predecessor-version":[{"id":989,"href":"https:\/\/www.spielmannszug-greffen.de\/index.php?rest_route=\/wp\/v2\/pages\/965\/revisions\/989"}],"wp:attachment":[{"href":"https:\/\/www.spielmannszug-greffen.de\/index.php?rest_route=%2Fwp%2Fv2%2Fmedia&parent=965"}],"curies":[{"name":"wp","href":"https:\/\/api.w.org\/{rel}","templated":true}]}}